{"id":2,"date":"2019-03-27T16:51:24","date_gmt":"2019-03-27T15:51:24","guid":{"rendered":"http:\/\/aupredemablonde.com\/?page_id=2"},"modified":"2026-01-09T10:45:16","modified_gmt":"2026-01-09T09:45:16","slug":"bienvenue","status":"publish","type":"page","link":"https:\/\/aupredemablonde.com\/","title":{"rendered":"Bienvenue dans mon univers"},"content":{"rendered":"\n<p class=\"has-medium-font-size\"><\/p>\n\n\n\n<div class=\"wp-block-group is-nowrap is-layout-flex wp-container-core-group-is-layout-ad2f72ca wp-block-group-is-layout-flex\"><div class=\"wp-block-image is-style-rounded\">\n<figure class=\"aligncenter size-large is-resized\"><img loading=\"lazy\" decoding=\"async\" width=\"681\" height=\"1024\" src=\"https:\/\/aupredemablonde.com\/wp-content\/uploads\/2026\/01\/DSC_2836-681x1024.jpg\" alt=\"\" class=\"wp-image-678\" style=\"width:586px;height:auto\" srcset=\"https:\/\/aupredemablonde.com\/wp-content\/uploads\/2026\/01\/DSC_2836-681x1024.jpg 681w, https:\/\/aupredemablonde.com\/wp-content\/uploads\/2026\/01\/DSC_2836-200x300.jpg 200w, https:\/\/aupredemablonde.com\/wp-content\/uploads\/2026\/01\/DSC_2836-768x1154.jpg 768w, https:\/\/aupredemablonde.com\/wp-content\/uploads\/2026\/01\/DSC_2836-1022x1536.jpg 1022w, https:\/\/aupredemablonde.com\/wp-content\/uploads\/2026\/01\/DSC_2836-1363x2048.jpg 1363w, https:\/\/aupredemablonde.com\/wp-content\/uploads\/2026\/01\/DSC_2836-scaled.jpg 1703w\" sizes=\"auto, (max-width: 681px) 100vw, 681px\" \/><\/figure><\/div>\n\n\n<p class=\"has-medium-font-size\">Moi c&rsquo;est Julie, <br>Coiffeuse passionn\u00e9e et cr\u00e9ative depuis 2008,<br>J&rsquo;ai ouvert mon cocon pour prendre soin de vous en 2016,<br>Puis depuis 2022 je suis Socio-coiffeuse pour prendre soin de vous quoi que la vie vous fasse traverser.<\/p>\n<\/div>\n\n\n\n<div class=\"wp-block-group is-nowrap is-layout-flex wp-container-core-group-is-layout-ad2f72ca wp-block-group-is-layout-flex\">\n<p class=\"has-medium-font-size\"><br>Pour finir d&rsquo;assembler le puzzle, car l&rsquo;accompagnement me fait vibrer, j&rsquo;anime des ateliers sur l&rsquo;estime de soi que ce soit dans des structures sociales, m\u00e9dicales, professionnelles ou le temps des soir\u00e9es th\u00e9matiques.<br><br>Je vous laisse parcourir les onglets et les pages de ce site afin de d\u00e9couvrir mon cocon, ma vision de la coiffure, mes prestations, mes actions en socio-coiffure et mes ateliers.<\/p>\n<\/div>\n\n\n\n<p class=\"has-medium-font-size\"><\/p>\n\n\n\n<p class=\"has-medium-font-size\">Je vous souhaite une belle visite et A bient\u00f4t !<\/p>\n\n\n\n<p>Julie.<\/p>\n\n\n\n<div class=\"wp-block-columns is-layout-flex wp-container-core-columns-is-layout-9d6595d7 wp-block-columns-is-layout-flex\">\n<div class=\"wp-block-column is-layout-flow wp-block-column-is-layout-flow\" style=\"flex-basis:100%\">\n<div class=\"wp-block-group\"><div class=\"wp-block-group__inner-container is-layout-constrained wp-block-group-is-layout-constrained\"><\/div><\/div>\n<\/div>\n<\/div>\n\n\n\n<figure class=\"wp-block-gallery aligncenter has-nested-images columns-default is-cropped wp-block-gallery-1 is-layout-flex wp-block-gallery-is-layout-flex\"><\/figure>\n\n\n\n<p class=\"has-text-align-right\"><\/p>\n","protected":false},"excerpt":{"rendered":"<p>Moi c&rsquo;est Julie, Coiffeuse passionn\u00e9e et cr\u00e9ative depuis 2008,J&rsquo;ai ouvert mon cocon pour prendre soin de vous en 2016,Puis depuis 2022 je suis Socio-coiffeuse pour prendre soin de vous quoi que la vie vous fasse traverser. Pour finir d&rsquo;assembler le puzzle, car l&rsquo;accompagnement me fait vibrer, j&rsquo;anime des ateliers sur l&rsquo;estime de soi que ce &hellip; <\/p>\n<p class=\"link-more\"><a href=\"https:\/\/aupredemablonde.com\/\" class=\"more-link\">Continuer la lecture<span class=\"screen-reader-text\"> de &laquo;&nbsp;Bienvenue dans mon univers&nbsp;&raquo;<\/span><\/a><\/p>\n","protected":false},"author":1,"featured_media":0,"parent":0,"menu_order":0,"comment_status":"closed","ping_status":"open","template":"","meta":{"footnotes":""},"class_list":["post-2","page","type-page","status-publish","hentry"],"_links":{"self":[{"href":"https:\/\/aupredemablonde.com\/index.php\/wp-json\/wp\/v2\/pages\/2","targetHints":{"allow":["GET"]}}],"collection":[{"href":"https:\/\/aupredemablonde.com\/index.php\/wp-json\/wp\/v2\/pages"}],"about":[{"href":"https:\/\/aupredemablonde.com\/index.php\/wp-json\/wp\/v2\/types\/page"}],"author":[{"embeddable":true,"href":"https:\/\/aupredemablonde.com\/index.php\/wp-json\/wp\/v2\/users\/1"}],"replies":[{"embeddable":true,"href":"https:\/\/aupredemablonde.com\/index.php\/wp-json\/wp\/v2\/comments?post=2"}],"version-history":[{"count":29,"href":"https:\/\/aupredemablonde.com\/index.php\/wp-json\/wp\/v2\/pages\/2\/revisions"}],"predecessor-version":[{"id":689,"href":"https:\/\/aupredemablonde.com\/index.php\/wp-json\/wp\/v2\/pages\/2\/revisions\/689"}],"wp:attachment":[{"href":"https:\/\/aupredemablonde.com\/index.php\/wp-json\/wp\/v2\/media?parent=2"}],"curies":[{"name":"wp","href":"https:\/\/api.w.org\/{rel}","templated":true}]}}